{"id":3004,"date":"2023-02-08T19:57:18","date_gmt":"2023-02-08T18:57:18","guid":{"rendered":"https:\/\/kanaka.es\/politica-de-privacidad\/"},"modified":"2023-04-11T11:43:36","modified_gmt":"2023-04-11T09:43:36","slug":"privacy-policy","status":"publish","type":"page","link":"https:\/\/kanaka.es\/en\/privacy-policy\/","title":{"rendered":"Privacy Policy"},"content":{"rendered":"[et_pb_section fb_built=&#8221;1&#8243; admin_label=&#8221;section&#8221; _builder_version=&#8221;4.16&#8243; global_colors_info=&#8221;{}&#8221;][et_pb_row admin_label=&#8221;row&#8221; _builder_version=&#8221;4.16&#8243; background_size=&#8221;initial&#8221; background_position=&#8221;top_left&#8221; background_repeat=&#8221;repeat&#8221; global_colors_info=&#8221;{}&#8221;][et_pb_column type=&#8221;4_4&#8243; _builder_version=&#8221;4.16&#8243; custom_padding=&#8221;|||&#8221; global_colors_info=&#8221;{}&#8221; custom_padding__hover=&#8221;|||&#8221;][et_pb_text admin_label=&#8221;Text&#8221; _builder_version=&#8221;4.20.4&#8243; text_text_color=&#8221;#7c7c7c&#8221; background_size=&#8221;initial&#8221; background_position=&#8221;top_left&#8221; background_repeat=&#8221;repeat&#8221; hover_enabled=&#8221;0&#8243; global_colors_info=&#8221;{}&#8221; sticky_enabled=&#8221;0&#8243;]<p>Confidentiality and security are essential values for KANAKA, and therefore we are committed to ensuring the privacy of the USER at all times and not collecting unnecessary information. Below, we provide you with all the necessary information about our Privacy Policy regarding the personal data we collect, for which HNHC PRODUCCIONES, S.L. with NIF no. B93966024 and address in Mijas and registered in the Mercantile Registry of Malaga with deed number 2017\/1330, Diary 391, Entry 1439, Volume 5649, Folio 57, Inscription 1 with sheet MA-141102 is responsible.<\/p>\n<h2>Processing of data sent through:<\/h2>\n<h4>Emails Purpose:<\/h4>\n<ul>\n<li><span style=\"color: #7c7c7c;\"><strong>Purpose:<\/strong> Respond to your requests for information, attend to your requests and answer your queries or doubts. <\/span><\/li>\n<li><span style=\"color: #7c7c7c;\"><strong>Legitimation:<\/strong> User consent when requesting information through the email address. <\/span><\/li>\n<li><span style=\"color: #7c7c7c;\"><strong>Conservation:<\/strong> Once your request has been answered by email, if it has not generated a new processing. <\/span><\/li>\n<\/ul>\n<h4>Purchase of products or services<\/h4>\n<ul>\n<li><span style=\"color: #7c7c7c;\"><strong>Purpose:<\/strong> Process and manage the purchase and, where appropriate, delivery of your order and related administrative tasks. Send you information and communications about our products and\/or services, offers, discounts, and events, including by electronic means, if authorized. <\/span><\/li>\n<li><span style=\"color: #7c7c7c;\"><strong>Legitimation:<\/strong> Execution of the contract for the purchase of products or the provision of services. Legitimate interest of the company in keeping its customers informed about products and services, offers, and other commercial information. <\/span><\/li>\n<li><span style=\"color: #7c7c7c;\"><strong>Conservation:<\/strong> While the contractual relationship lasts and, once it has ended, during the legally required retention periods to attend to any possible responsibilities. As long as you do not exercise your right to object to commercial communications or exercise your right to cancel your personal data. <\/span><\/li>\n<\/ul>\n<h4>Subscription to the newsletter or commercial communication<\/h4>\n<ul>\n<li><span style=\"color: #7c7c7c;\"><strong>Purpose:<\/strong> Send you periodic commercial information about our products and services, including by electronic means. <\/span><\/li>\n<li><span style=\"color: #7c7c7c;\"><strong>Legitimation:<\/strong> User consent when subscribing to our commercial email distribution list. <\/span><\/li>\n<li><span style=\"color: #7c7c7c;\"><strong>Conservation:<\/strong> While the user is subscribed to the distribution list and until the exercise of commercial unsubscription.<\/span><\/li>\n<\/ul>\n<h2>Minimum age and mandatory nature<\/h2>\n<p>The provision of personal data requires a minimum age of 16 years, or, where appropriate, the minimum age established in the data protection regulations and, in any case, have sufficient legal capacity to contract. The personal data requested is necessary to manage your requests, register you as a user, and\/or provide you with the services that you may contract. Therefore, if you do not provide them to us, we will not be able to attend to you properly or provide the service you have requested.<\/p>\n<h2>Recipients of your data<\/h2>\n<p>Your data is confidential and will not be transferred to third parties, except when there is a legal obligation or when the provision of the service involves the need for a contractual relationship with service providers responsible for the processing who, in any case, will not process your personal data for their own purposes.<\/p>\n<h2>Rights related to your data<\/h2>\n<p>Any person may withdraw their consent at any time, where the same has been granted for the processing of their data. In no case does the withdrawal of this consent condition the execution of the subscription contract or the relationships generated prior to it.<\/p>\n<p>Likewise, you may exercise the following rights:<\/p>\n<ul>\n<li>Request access to your personal data or its rectification when it is inaccurate.<\/li>\n<li>Request its deletion when, among other reasons, the data is no longer necessary for the purposes for which it was collected.<\/li>\n<li>Request the limitation of their treatment in certain circumstances.<\/li>\n<li>Oppose the processing of your data for reasons related to your particular situation.<\/li>\n<li>Request data portability in the cases provided for in the regulations.<\/li>\n<li>Other rights recognized in the applicable regulations.<\/li>\n<\/ul>\n<div class=\"flex-1 overflow-hidden\">\n<div class=\"react-scroll-to-bottom--css-xmuuf-79elbk h-full dark:bg-gray-800\">\n<div class=\"react-scroll-to-bottom--css-xmuuf-1n7m0yu\">\n<div class=\"flex flex-col items-center text-sm dark:bg-gray-800\">\n<div class=\"group w-full text-gray-800 dark:text-gray-100 border-b border-black\/10 dark:border-gray-900\/50 bg-gray-50 dark:bg-[#444654]\">\n<div class=\"text-base gap-4 md:gap-6 md:max-w-2xl lg:max-w-xl xl:max-w-3xl p-4 md:py-6 flex lg:px-0 m-auto\">\n<div class=\"relative flex w-[calc(100%-50px)] flex-col gap-1 md:gap-3 lg:w-[calc(100%-115px)]\">\n<div class=\"flex flex-grow flex-col gap-3\">\n<div class=\"min-h-[20px] flex flex-col items-start gap-4 whitespace-pre-wrap\">\n<div class=\"markdown prose w-full break-words dark:prose-invert light\">\n<h2>Where and how to request your Rights:<\/h2>\n<p>By means of a written communication addressed to the controller at their email address (indicated in section A), indicating the reference &#8220;Personal Data&#8221;, specifying the right you wish to exercise and with respect to which personal data.<\/p>\n<p>In case of disagreements with the company regarding the processing of your data, you can file a complaint with the Data Protection Authority (<a href=\"http:\/\/www.agpd.es\/\" target=\"_new\" rel=\"noopener\">www.agpd.es<\/a>).<\/p>\n<h2>Security of your data<\/h2>\n<p>ADFA In order to safeguard the security of your personal data, we inform you that we have adopted all the necessary technical and organizational measures to guarantee the security of the personal data provided, preventing their alteration, loss, and unauthorized processing or access.<\/p>\n<h2>Updating your data<\/h2>\n<p>It is important that you inform us of any modifications to your personal data so that we can keep it updated. Otherwise, we cannot guarantee the accuracy of the information.<\/p>\n<p>&nbsp;<\/p>\n<p>This Privacy Policy has been modified as of 01\/12\/2018. We may modify this Privacy Policy to adapt to changes that may occur on our website, as well as legislative or jurisprudential modifications regarding personal data that may arise, so we recommend that you read it each time you provide us with your data through this website.<\/p>\n<\/div>\n<\/div>\n<\/div>\n<\/div>\n<\/div>\n<\/div>\n<\/div>\n<\/div>\n<\/div>\n<\/div>\n<p><\/p>[\/et_pb_text][\/et_pb_column][\/et_pb_row][\/et_pb_section]<!-- \/wp:post-content -->","protected":false},"excerpt":{"rendered":"<p>Confidentiality and security are essential values for KANAKA, and therefore we are committed to ensuring the privacy of the USER at all times and not collecting unnecessary information. Below, we provide you with all the necessary information about our Privacy Policy regarding the personal data we collect, for which HNHC PRODUCCIONES, S.L. with NIF no. [&hellip;]<\/p>\n","protected":false},"author":2,"featured_media":0,"parent":0,"menu_order":0,"comment_status":"closed","ping_status":"closed","template":"","meta":{"_et_pb_use_builder":"on","_et_pb_old_content":"<h1 style=\"text-align: center;\"><\/h1>\r\nConfidentiality and security are essential values for KANAKA, and therefore we are committed to ensuring the privacy of the USER at all times and not collecting unnecessary information. Below, we provide you with all the necessary information about our Privacy Policy regarding the personal data we collect, for which HNHC PRODUCCIONES, S.L. with NIF no. B93966024 and address in Mijas and registered in the Mercantile Registry of Malaga with deed number 2017\/1330, Diary 391, Entry 1439, Volume 5649, Folio 57, Inscription 1 with sheet MA-141102 is responsible.\r\n<h2>Processing of data sent through:<\/h2>\r\n<h4>Emails Purpose:<\/h4>\r\n<ul>\r\n \t<li><span style=\"color: #30414b;\"><strong>Purpose:<\/strong> Respond to your requests for information, attend to your requests and answer your queries or doubts. <\/span><\/li>\r\n \t<li><span style=\"color: #30414b;\"><strong>Legitimation:<\/strong> User consent when requesting information through the email address. <\/span><\/li>\r\n \t<li><span style=\"color: #30414b;\"><strong>Conservation:<\/strong> Once your request has been answered by email, if it has not generated a new processing. <\/span><\/li>\r\n<\/ul>\r\n<h2>Purchase of products or services<\/h2>\r\n<ul>\r\n \t<li><span style=\"color: #30414b;\"><strong>Purpose:<\/strong> Process and manage the purchase and, where appropriate, delivery of your order and related administrative tasks. Send you information and communications about our products and\/or services, offers, discounts, and events, including by electronic means, if authorized. <\/span><\/li>\r\n \t<li><span style=\"color: #30414b;\"><strong>Legitimation:<\/strong> Execution of the contract for the purchase of products or the provision of services. Legitimate interest of the company in keeping its customers informed about products and services, offers, and other commercial information. <\/span><\/li>\r\n \t<li><span style=\"color: #30414b;\"><strong>Conservation:<\/strong> While the contractual relationship lasts and, once it has ended, during the legally required retention periods to attend to any possible responsibilities. As long as you do not exercise your right to object to commercial communications or exercise your right to cancel your personal data. <\/span><\/li>\r\n<\/ul>\r\n<h4>Subscription to the newsletter or commercial communication<\/h4>\r\n<ul>\r\n \t<li><span style=\"color: #30414b;\"><strong>Purpose:<\/strong> Send you periodic commercial information about our products and services, including by electronic means. <\/span><\/li>\r\n \t<li><span style=\"color: #30414b;\"><strong>Legitimation:<\/strong> User consent when subscribing to our commercial email distribution list. <\/span><\/li>\r\n \t<li><span style=\"color: #30414b;\"><strong>Conservation:<\/strong> While the user is subscribed to the distribution list and until the exercise of commercial unsubscription.<\/span><\/li>\r\n<\/ul>\r\n<h2>Minimum age and mandatory nature<\/h2>\r\nThe provision of personal data requires a minimum age of 16 years, or, where appropriate, the minimum age established in the data protection regulations and, in any case, have sufficient legal capacity to contract. The personal data requested is necessary to manage your requests, register you as a user, and\/or provide you with the services that you may contract. Therefore, if you do not provide them to us, we will not be able to attend to you properly or provide the service you have requested.\r\n<h2>Recipients of your data<\/h2>\r\nYour data is confidential and will not be transferred to third parties, except when there is a legal obligation or when the provision of the service involves the need for a contractual relationship with service providers responsible for the processing who, in any case, will not process your personal data for their own purposes.\r\n<h2>Rights related to your data<\/h2>\r\nAny person may withdraw their consent at any time, where the same has been granted for the processing of their data. In no case does the withdrawal of this consent condition the execution of the subscription contract or the relationships generated prior to it. Likewise, you may exercise the following rights: Request access to your personal data or its rectification when it is inaccurate. Request its deletion when, among other reasons, the data is no longer necessary for the purposes for which it was collected. Request the limitation of their treatment in certain circumstances. Oppose the processing of your data for reasons related to your particular situation. Request data portability in the cases provided for in the regulations. Other rights recognized in the applicable regulations.\r\n<p class=\"p1\">D\u00f3nde y c\u00f3mo solicitar sus Derechos: Mediante un escrito dirigido al responsable a su direcci\u00f3n electr\u00f3nica (indicadas en el apartado A), indicando la referencia \u201cDatos Personales\u201d, especificando el derecho que se quiere ejercer y respecto a qu\u00e9 datos personales.<\/p>\r\n<p class=\"p1\">En caso de divergencias con la empresa en relaci\u00f3n con el tratamiento de sus datos, puede presentar una reclamaci\u00f3n ante la Autoridad de Protecci\u00f3n de Datos (<a href=\"http:\/\/www.agpd.es\/\"><span class=\"s3\">www.agpd.es<\/span><\/a>).<\/p>\r\n\r\n<h2 class=\"p3\">Seguridad de sus datos<\/h2>\r\n<p class=\"p1\">Con el objetivo de salvaguardar la seguridad de sus datos personales, le informamos que hemos adoptado todas las medidas de \u00edndole t\u00e9cnica y organizativa necesarias para garantizar la seguridad de los datos personales suministrados de su alteraci\u00f3n, p\u00e9rdida, y tratamientos o accesos no autorizados.<\/p>\r\n\r\n<h2 class=\"p3\">Actualizaci\u00f3n de sus datos<\/h2>\r\n<p class=\"p1\">Es importante que para que podamos mantener sus datos personales actualizados, nos informe siempre que haya habido alguna modificaci\u00f3n en ellos, en caso contrario, no respondemos de la veracidad de los mismos.<\/p>\r\n<p class=\"p5\">La presente Pol\u00edtica de Privacidad ha sido modificada con fecha\u00a001\/12\/2018. Podemos modificar las presentes pol\u00edticas de privacidad para adaptarlas a las modificaciones que se produzca en nuestra web, as\u00ed como modificaciones legislativas o jurisprudenciales sobre datos personales que vayan apareciendo, por lo que exige su lectura, cada vez que nos facilite sus datos a trav\u00e9s de esta Web.<\/p>\r\n\r\n<!-- \/wp:paragraph -->","_et_gb_content_width":"","footnotes":""},"class_list":["post-3004","page","type-page","status-publish","hentry"],"yoast_head":"<!-- This site is optimized with the Yoast SEO plugin v27.4 - https:\/\/yoast.com\/product\/yoast-seo-wordpress\/ -->\n<title>Privacy Policy - Kanaka Property Management<\/title>\n<meta name=\"robots\" content=\"index, follow, max-snippet:-1, max-image-preview:large, max-video-preview:-1\" \/>\n<link rel=\"canonical\" href=\"https:\/\/kanaka.es\/en\/privacy-policy\/\" \/>\n<meta property=\"og:locale\" content=\"en_US\" \/>\n<meta property=\"og:type\" content=\"article\" \/>\n<meta property=\"og:title\" content=\"Privacy Policy - Kanaka Property Management\" \/>\n<meta property=\"og:description\" content=\"Confidentiality and security are essential values for KANAKA, and therefore we are committed to ensuring the privacy of the USER at all times and not collecting unnecessary information. Below, we provide you with all the necessary information about our Privacy Policy regarding the personal data we collect, for which HNHC PRODUCCIONES, S.L. with NIF no. [&hellip;]\" \/>\n<meta property=\"og:url\" content=\"https:\/\/kanaka.es\/en\/privacy-policy\/\" \/>\n<meta property=\"og:site_name\" content=\"Kanaka Property Management\" \/>\n<meta property=\"article:modified_time\" content=\"2023-04-11T09:43:36+00:00\" \/>\n<meta name=\"twitter:card\" content=\"summary_large_image\" \/>\n<meta name=\"twitter:label1\" content=\"Est. reading time\" \/>\n\t<meta name=\"twitter:data1\" content=\"4 minutes\" \/>\n<script type=\"application\/ld+json\" class=\"yoast-schema-graph\">{\"@context\":\"https:\\\/\\\/schema.org\",\"@graph\":[{\"@type\":\"WebPage\",\"@id\":\"https:\\\/\\\/kanaka.es\\\/en\\\/privacy-policy\\\/\",\"url\":\"https:\\\/\\\/kanaka.es\\\/en\\\/privacy-policy\\\/\",\"name\":\"Privacy Policy - Kanaka Property Management\",\"isPartOf\":{\"@id\":\"https:\\\/\\\/kanaka.es\\\/en\\\/#website\"},\"datePublished\":\"2023-02-08T18:57:18+00:00\",\"dateModified\":\"2023-04-11T09:43:36+00:00\",\"breadcrumb\":{\"@id\":\"https:\\\/\\\/kanaka.es\\\/en\\\/privacy-policy\\\/#breadcrumb\"},\"inLanguage\":\"en-US\",\"potentialAction\":[{\"@type\":\"ReadAction\",\"target\":[\"https:\\\/\\\/kanaka.es\\\/en\\\/privacy-policy\\\/\"]}]},{\"@type\":\"BreadcrumbList\",\"@id\":\"https:\\\/\\\/kanaka.es\\\/en\\\/privacy-policy\\\/#breadcrumb\",\"itemListElement\":[{\"@type\":\"ListItem\",\"position\":1,\"name\":\"Portada\",\"item\":\"https:\\\/\\\/kanaka.es\\\/en\\\/\"},{\"@type\":\"ListItem\",\"position\":2,\"name\":\"Privacy Policy\"}]},{\"@type\":\"WebSite\",\"@id\":\"https:\\\/\\\/kanaka.es\\\/en\\\/#website\",\"url\":\"https:\\\/\\\/kanaka.es\\\/en\\\/\",\"name\":\"Kanaka Property Management\",\"description\":\"\",\"potentialAction\":[{\"@type\":\"SearchAction\",\"target\":{\"@type\":\"EntryPoint\",\"urlTemplate\":\"https:\\\/\\\/kanaka.es\\\/en\\\/?s={search_term_string}\"},\"query-input\":{\"@type\":\"PropertyValueSpecification\",\"valueRequired\":true,\"valueName\":\"search_term_string\"}}],\"inLanguage\":\"en-US\"}]}<\/script>\n<!-- \/ Yoast SEO plugin. -->","yoast_head_json":{"title":"Privacy Policy - Kanaka Property Management","robots":{"index":"index","follow":"follow","max-snippet":"max-snippet:-1","max-image-preview":"max-image-preview:large","max-video-preview":"max-video-preview:-1"},"canonical":"https:\/\/kanaka.es\/en\/privacy-policy\/","og_locale":"en_US","og_type":"article","og_title":"Privacy Policy - Kanaka Property Management","og_description":"Confidentiality and security are essential values for KANAKA, and therefore we are committed to ensuring the privacy of the USER at all times and not collecting unnecessary information. Below, we provide you with all the necessary information about our Privacy Policy regarding the personal data we collect, for which HNHC PRODUCCIONES, S.L. with NIF no. [&hellip;]","og_url":"https:\/\/kanaka.es\/en\/privacy-policy\/","og_site_name":"Kanaka Property Management","article_modified_time":"2023-04-11T09:43:36+00:00","twitter_card":"summary_large_image","twitter_misc":{"Est. reading time":"4 minutes"},"schema":{"@context":"https:\/\/schema.org","@graph":[{"@type":"WebPage","@id":"https:\/\/kanaka.es\/en\/privacy-policy\/","url":"https:\/\/kanaka.es\/en\/privacy-policy\/","name":"Privacy Policy - Kanaka Property Management","isPartOf":{"@id":"https:\/\/kanaka.es\/en\/#website"},"datePublished":"2023-02-08T18:57:18+00:00","dateModified":"2023-04-11T09:43:36+00:00","breadcrumb":{"@id":"https:\/\/kanaka.es\/en\/privacy-policy\/#breadcrumb"},"inLanguage":"en-US","potentialAction":[{"@type":"ReadAction","target":["https:\/\/kanaka.es\/en\/privacy-policy\/"]}]},{"@type":"BreadcrumbList","@id":"https:\/\/kanaka.es\/en\/privacy-policy\/#breadcrumb","itemListElement":[{"@type":"ListItem","position":1,"name":"Portada","item":"https:\/\/kanaka.es\/en\/"},{"@type":"ListItem","position":2,"name":"Privacy Policy"}]},{"@type":"WebSite","@id":"https:\/\/kanaka.es\/en\/#website","url":"https:\/\/kanaka.es\/en\/","name":"Kanaka Property Management","description":"","potentialAction":[{"@type":"SearchAction","target":{"@type":"EntryPoint","urlTemplate":"https:\/\/kanaka.es\/en\/?s={search_term_string}"},"query-input":{"@type":"PropertyValueSpecification","valueRequired":true,"valueName":"search_term_string"}}],"inLanguage":"en-US"}]}},"_links":{"self":[{"href":"https:\/\/kanaka.es\/en\/wp-json\/wp\/v2\/pages\/3004","targetHints":{"allow":["GET"]}}],"collection":[{"href":"https:\/\/kanaka.es\/en\/wp-json\/wp\/v2\/pages"}],"about":[{"href":"https:\/\/kanaka.es\/en\/wp-json\/wp\/v2\/types\/page"}],"author":[{"embeddable":true,"href":"https:\/\/kanaka.es\/en\/wp-json\/wp\/v2\/users\/2"}],"replies":[{"embeddable":true,"href":"https:\/\/kanaka.es\/en\/wp-json\/wp\/v2\/comments?post=3004"}],"version-history":[{"count":9,"href":"https:\/\/kanaka.es\/en\/wp-json\/wp\/v2\/pages\/3004\/revisions"}],"predecessor-version":[{"id":3230,"href":"https:\/\/kanaka.es\/en\/wp-json\/wp\/v2\/pages\/3004\/revisions\/3230"}],"wp:attachment":[{"href":"https:\/\/kanaka.es\/en\/wp-json\/wp\/v2\/media?parent=3004"}],"curies":[{"name":"wp","href":"https:\/\/api.w.org\/{rel}","templated":true}]}}